{"id":8039,"date":"2026-01-13T19:34:38","date_gmt":"2026-01-13T18:34:38","guid":{"rendered":"https:\/\/optimitive.com\/casos-de-exito\/"},"modified":"2026-04-08T11:26:13","modified_gmt":"2026-04-08T09:26:13","slug":"casos-de-exito","status":"publish","type":"page","link":"https:\/\/optimitive.com\/es\/casos-de-exito\/","title":{"rendered":"Casos de \u00e9xito"},"content":{"rendered":"<div class=\"et_pb_section_0 et_pb_section et_section_regular et_block_section\">\n<div class=\"et_pb_row_0 et_pb_row et_flex_row\">\n<div class=\"et_pb_column_0 et_pb_column et_block_column et_pb_css_mix_blend_mode_passthrough et_flex_column_12_24 et_flex_column_12_24_tablet et_flex_column_24_24_phone\">\n<div class=\"et_pb_text_0 et_pb_text et_pb_bg_layout_light et_pb_module et_block_module preset--module--divi-text--default\"><div class=\"et_pb_text_inner\"><h1>Por qu\u00e9 las industrias l\u00edderes conf\u00edan en Optimitive<\/h1>\n<\/div><\/div>\n\n<div class=\"dipi_breadcrumbs_0 dipi_breadcrumbs et_pb_bg_layout_light et_pb_module preset--module--dipi-breadcrumbs--default\"><div class=\"dipi-breadcrumbs dipi-bc-left\">\n                <ul >\n                    \n                                                <li  class=\"dipi-breadcrumb-item dipi-breadcrumb-home\">\n\n                                            <a  href=\"https:\/\/optimitive.com\/es\/\">\n                            <span >\n                                                                OPTIMITIVE                            <\/span>\n                        <\/a>\n\n                                        <meta itemprop=\"position\" content=\"1\"\/>                <\/li>\n\n                <li class=\"dipi-breadcrumb-separator\">\n                    <span class=\"et-pb-icon dipi-separator-icon\">9<\/span>\n                <\/li>                        \n                <\/ul>\n            <\/div><\/div>\n<\/div>\n\n<div class=\"et_pb_column_1 et_pb_column et-last-child et_block_column et_pb_column_empty et_pb_css_mix_blend_mode_passthrough et_flex_column_12_24 et_flex_column_12_24_tablet et_flex_column_24_24_phone\"><\/div>\n<\/div>\n<\/div>\n\n<div class=\"et_pb_section_1 et_pb_section et_section_regular et_block_section\">\n<div class=\"et_pb_row_1 et_pb_row et_pb_equal_columns et_pb_gutters2 et_block_row\">\n<div class=\"et_pb_column_2 et_pb_column et_pb_column_1_5 et_block_column et_pb_column_empty et_pb_css_mix_blend_mode_passthrough\"><\/div>\n\n<div class=\"et_pb_column_3 et_pb_column et_pb_column_3_5 et_block_column et_pb_css_mix_blend_mode_passthrough\">\n<div class=\"et_pb_text_1 et_pb_text et_pb_bg_layout_light et_pb_module et_block_module et_pb_text_align_center preset--module--divi-text--default\"><div class=\"et_pb_text_inner\"><p>Optibat<span>\u00ae 7<\/span><\/p>\n<\/div><\/div>\n\n<div class=\"et_pb_text_2 et_pb_text et_pb_bg_layout_light et_pb_module et_block_module preset--module--divi-text--default\"><div class=\"et_pb_text_inner\"><h2>Casos de \u00e9xito<\/h2>\n<\/div><\/div>\n<\/div>\n\n<div class=\"et_pb_column_4 et_pb_column et_pb_column_1_5 et-last-child et_block_column et_pb_css_mix_blend_mode_passthrough\">\n<div class=\"et_pb_module et_pb_button_module_wrapper et_pb_button_0_wrapper\"><a class=\"et_pb_button_0 et_pb_button et_pb_bg_layout_light et_pb_module et_block_module\" href=\"#\" data-icon=\"&amp;\">Descubra nuestras soluciones<\/a><\/div>\n<\/div>\n<\/div>\n\n<div class=\"et_pb_row_2 et_pb_row et_pb_gutters2 et_block_row\">\n<div class=\"et_pb_column_5 et_pb_column et_pb_column_4_4 et-last-child et_block_column et_pb_css_mix_blend_mode_passthrough\">\n<div class=\"et_pb_blog_0 et_pb_blog et_pb_bg_layout_light et_pb_posts et_pb_module\"><div class=\"et_pb_ajax_pagination_container\"><div class=\"et_pb_posts et_grid_module\"><article class=\"et_pb_post et_pb_post_id_8093 clearfix et_pb_blog_item_0_0 post-8093 project type-project status-publish has-post-thumbnail hentry project_category-industria-del-cemento project_category-industria-pesada\"><div class=\"et_pb_image_container\"><a href=\"https:\/\/optimitive.com\/es\/success-study\/cementos-lemona-eficiencia-termica-del-horno-y-optimizacion-de-combustibles-alternativos\/\" class=\"entry-featured-image-url\"><img loading=\"lazy\" decoding=\"async\" src=\"https:\/\/optimitive.com\/wp-content\/uploads\/2026\/02\/cementos-lemona.jpg\" width=\"400\" height=\"284\" alt=\"Cementos Lemona: Eficiencia t\u00e9rmica del horno y optimizaci\u00f3n de combustibles alternativos\" class=\"\" srcset=\"https:\/\/optimitive.com\/wp-content\/uploads\/2026\/02\/cementos-lemona.jpg 479w, https:\/\/optimitive.com\/wp-content\/uploads\/2026\/02\/cementos-lemona-400x284.jpg 480w\" sizes=\"(max-width:479px) 479px, 100vw\" \/><span data-icon=\"\ue050\" class=\"et_overlay et_pb_inline_icon\"><\/span><\/a><\/div><h2 class=\"entry-title\"><a href=\"https:\/\/optimitive.com\/es\/success-study\/cementos-lemona-eficiencia-termica-del-horno-y-optimizacion-de-combustibles-alternativos\/\">Cementos Lemona: Eficiencia t\u00e9rmica del horno y optimizaci\u00f3n de combustibles alternativos<\/a><\/h2><p class=\"post-meta\"><\/p><div class=\"post-content\"><div class=\"post-content-inner\"><\/div><\/div><\/article><article class=\"et_pb_post et_pb_post_id_8133 clearfix et_pb_blog_item_0_1 post-8133 project type-project status-publish has-post-thumbnail hentry project_category-industria-petroquimica project_category-industria-quimica project_category-planta-de-produccion-de-fenol\"><div class=\"et_pb_image_container\"><a href=\"https:\/\/optimitive.com\/es\/success-study\/moeve-maximizacion-de-la-produccion-en-planta-de-fenol\/\" class=\"entry-featured-image-url\"><img loading=\"lazy\" decoding=\"async\" src=\"https:\/\/optimitive.com\/wp-content\/uploads\/2026\/02\/moeve-phenol.jpg\" width=\"400\" height=\"284\" alt=\"Moeve: Maximizaci\u00f3n de la producci\u00f3n en planta de fenol\" class=\"\" srcset=\"https:\/\/optimitive.com\/wp-content\/uploads\/2026\/02\/moeve-phenol.jpg 479w, https:\/\/optimitive.com\/wp-content\/uploads\/2026\/02\/moeve-phenol-400x284.jpg 480w\" sizes=\"(max-width:479px) 479px, 100vw\" \/><span data-icon=\"\ue050\" class=\"et_overlay et_pb_inline_icon\"><\/span><\/a><\/div><h2 class=\"entry-title\"><a href=\"https:\/\/optimitive.com\/es\/success-study\/moeve-maximizacion-de-la-produccion-en-planta-de-fenol\/\">Moeve: Maximizaci\u00f3n de la producci\u00f3n en planta de fenol<\/a><\/h2><p class=\"post-meta\"><\/p><div class=\"post-content\"><div class=\"post-content-inner\"><\/div><\/div><\/article><article class=\"et_pb_post et_pb_post_id_8104 clearfix et_pb_blog_item_0_2 post-8104 project type-project status-publish has-post-thumbnail hentry project_category-industria-del-cemento project_category-industria-pesada\"><div class=\"et_pb_image_container\"><a href=\"https:\/\/optimitive.com\/es\/success-study\/molins-optimizacion-energetica-del-molino-vertical-de-crudo\/\" class=\"entry-featured-image-url\"><img loading=\"lazy\" decoding=\"async\" src=\"https:\/\/optimitive.com\/wp-content\/uploads\/2026\/02\/vertical-cement-mill.jpg\" width=\"400\" height=\"284\" alt=\"Molins: Optimizaci\u00f3n energ\u00e9tica del molino vertical de crudo\" class=\"\" srcset=\"https:\/\/optimitive.com\/wp-content\/uploads\/2026\/02\/vertical-cement-mill.jpg 479w, https:\/\/optimitive.com\/wp-content\/uploads\/2026\/02\/vertical-cement-mill-400x284.jpg 480w\" sizes=\"(max-width:479px) 479px, 100vw\" \/><span data-icon=\"\ue050\" class=\"et_overlay et_pb_inline_icon\"><\/span><\/a><\/div><h2 class=\"entry-title\"><a href=\"https:\/\/optimitive.com\/es\/success-study\/molins-optimizacion-energetica-del-molino-vertical-de-crudo\/\">Molins: Optimizaci\u00f3n energ\u00e9tica del molino vertical de crudo<\/a><\/h2><p class=\"post-meta\"><\/p><div class=\"post-content\"><div class=\"post-content-inner\"><\/div><\/div><\/article><article class=\"et_pb_post et_pb_post_id_8107 clearfix et_pb_blog_item_0_3 post-8107 project type-project status-publish has-post-thumbnail hentry project_category-industria-pesada project_category-industria-quimica\"><div class=\"et_pb_image_container\"><a href=\"https:\/\/optimitive.com\/es\/success-study\/advancion-planta-de-productos-quimicos\/\" class=\"entry-featured-image-url\"><img loading=\"lazy\" decoding=\"async\" src=\"https:\/\/optimitive.com\/wp-content\/uploads\/2026\/02\/crystals-2.jpg\" width=\"400\" height=\"284\" alt=\"Advancion: Planta de productos qu\u00edmicos\" class=\"\" srcset=\"https:\/\/optimitive.com\/wp-content\/uploads\/2026\/02\/crystals-2.jpg 479w, https:\/\/optimitive.com\/wp-content\/uploads\/2026\/02\/crystals-2-400x284.jpg 480w\" sizes=\"(max-width:479px) 479px, 100vw\" \/><span data-icon=\"\ue050\" class=\"et_overlay et_pb_inline_icon\"><\/span><\/a><\/div><h2 class=\"entry-title\"><a href=\"https:\/\/optimitive.com\/es\/success-study\/advancion-planta-de-productos-quimicos\/\">Advancion: Planta de productos qu\u00edmicos<\/a><\/h2><p class=\"post-meta\"><\/p><div class=\"post-content\"><div class=\"post-content-inner\"><\/div><\/div><\/article><article class=\"et_pb_post et_pb_post_id_8110 clearfix et_pb_blog_item_0_4 post-8110 project type-project status-publish has-post-thumbnail hentry project_category-industria-del-cemento project_category-industria-pesada\"><div class=\"et_pb_image_container\"><a href=\"https:\/\/optimitive.com\/es\/success-study\/titan-molinos-de-bolas-de-cemento-de-pennsuco\/\" class=\"entry-featured-image-url\"><img loading=\"lazy\" decoding=\"async\" src=\"https:\/\/optimitive.com\/wp-content\/uploads\/2026\/02\/industry-featured-TITAN.jpg\" width=\"400\" height=\"284\" alt=\"Titan: Molinos de bolas de cemento de Pennsuco\" class=\"\" srcset=\"https:\/\/optimitive.com\/wp-content\/uploads\/2026\/02\/industry-featured-TITAN.jpg 479w, https:\/\/optimitive.com\/wp-content\/uploads\/2026\/02\/industry-featured-TITAN-400x284.jpg 480w\" sizes=\"(max-width:479px) 479px, 100vw\" \/><span data-icon=\"\ue050\" class=\"et_overlay et_pb_inline_icon\"><\/span><\/a><\/div><h2 class=\"entry-title\"><a href=\"https:\/\/optimitive.com\/es\/success-study\/titan-molinos-de-bolas-de-cemento-de-pennsuco\/\">Titan: Molinos de bolas de cemento de Pennsuco<\/a><\/h2><p class=\"post-meta\"><\/p><div class=\"post-content\"><div class=\"post-content-inner\"><\/div><\/div><\/article><\/div><div class=\"pagination clearfix\">\n\t<div class=\"alignleft\"><\/div>\n\t<div class=\"alignright\"><\/div>\n<\/div><\/div><\/div>\n<\/div>\n<\/div>\n\n<div class=\"et_pb_row_3 et_pb_row et_block_row\">\n<div class=\"et_pb_column_6 et_pb_column et_pb_column_4_4 et-last-child et_block_column et_pb_css_mix_blend_mode_passthrough\">\n<div class=\"dipi_expanding_cta_0 dipi_expanding_cta et_pb_bg_layout_light et_pb_module\"><div class=\"dipi_expanding_cta_container \"\n                data-config=\"{&quot;hide_header&quot;:&quot;off&quot;,&quot;hide_backtotop&quot;:&quot;on&quot;,&quot;dipi_expanding_cta_class&quot;:&quot;dipi_expanding_cta_dipi\\\/expanding-cta-0&quot;,&quot;dipi_expanding_cta_order_number&quot;:&quot;dipi\\\/expanding-cta-0&quot;}\"\n            >\n                <div class=\"dipi_expanding_cta_container-background\">\n                    <span class=\"et_pb_background_pattern\"><\/span>\n\t\t\t\t\t<span class=\"et_pb_background_mask\"><\/span>\n                <\/div>\n                \n            <div class=\"dipi_expanding_cta-content-wrapper\">\n                <div\n              class=\"dipi_expanding_cta-content\">\n              \n            <div class=\"dipi-content-text\">\n                <h2 class=\"dipi-content-heading\">\n                    Convierta los datos en m\u00e1xima eficiencia\n                <\/h2>\n                <div class=\"dipi-desc\"><p>OPTIBAT\u00ae 7 ofrece un control aut\u00f3nomo en lazo cerrado para aumentar la producci\u00f3n mientras minimiza su huella de carbono.<\/p><\/div>\n            <\/div>\n            <div class=\"dipi-button-wrapper\">\n                <a class=\"et_pb_button dipi_content_button\" href=\"https:\/\/optimitive.com\/demo\/\" data-icon=\"\uf133\">Empiece a optimizar ahora<\/a> \n            <\/div>\n          \n            <\/div>\n            <\/div>\n            \n                \n            <\/div>\n            <div class=\"dipi_extending_cta-overlay\">\n            \n            <\/div>\n            \n            <\/div>\n<\/div>\n<\/div>\n<\/div>","protected":false},"excerpt":{"rendered":"","protected":false},"author":2,"featured_media":8040,"parent":0,"menu_order":0,"comment_status":"closed","ping_status":"closed","template":"","meta":{"iawp_total_views":16,"footnotes":""},"dipi_cpt_category":[],"class_list":["post-8039","page","type-page","status-publish","has-post-thumbnail","hentry"],"yoast_head":"<!-- This site is optimized with the Yoast SEO Premium plugin v27.4 (Yoast SEO v27.4) - https:\/\/yoast.com\/product\/yoast-seo-premium-wordpress\/ -->\n<title>Casos de \u00e9xito - OPTIMITIVE<\/title>\n<meta name=\"description\" content=\"Descubra c\u00f3mo el rendimiento industrial y la optimizaci\u00f3n energ\u00e9tica pueden transformar las operaciones y mejorar la productividad en su planta.\" \/>\n<meta name=\"robots\" content=\"index, follow, max-snippet:-1, max-image-preview:large, max-video-preview:-1\" \/>\n<link rel=\"canonical\" href=\"https:\/\/optimitive.com\/es\/casos-de-exito\/\" \/>\n<meta property=\"og:locale\" content=\"es_ES\" \/>\n<meta property=\"og:type\" content=\"article\" \/>\n<meta property=\"og:title\" content=\"Casos de \u00e9xito\" \/>\n<meta property=\"og:description\" content=\"Optimitive optimizes industrial processes with AI and digital twins. We reduce energy costs up to 15% in cement, chemical, and manufacturing plants. Discover proven RTO solutions in Spain and Europe.\" \/>\n<meta property=\"og:url\" content=\"https:\/\/optimitive.com\/es\/casos-de-exito\/\" \/>\n<meta property=\"og:site_name\" content=\"OPTIMITIVE\" \/>\n<meta property=\"article:modified_time\" content=\"2026-04-08T09:26:13+00:00\" \/>\n<meta property=\"og:image\" content=\"https:\/\/optimitive.com\/wp-content\/uploads\/2026\/02\/featured-dark-center.jpg\" \/>\n\t<meta property=\"og:image:width\" content=\"1920\" \/>\n\t<meta property=\"og:image:height\" content=\"1080\" \/>\n\t<meta property=\"og:image:type\" content=\"image\/jpeg\" \/>\n<meta name=\"twitter:card\" content=\"summary_large_image\" \/>\n<meta name=\"twitter:site\" content=\"@OPTIMITIVE\" \/>\n<script type=\"application\/ld+json\" class=\"yoast-schema-graph\">{\"@context\":\"https:\\\/\\\/schema.org\",\"@graph\":[{\"@type\":\"WebPage\",\"@id\":\"https:\\\/\\\/optimitive.com\\\/es\\\/casos-de-exito\\\/\",\"url\":\"https:\\\/\\\/optimitive.com\\\/es\\\/casos-de-exito\\\/\",\"name\":\"Casos de \u00e9xito - OPTIMITIVE\",\"isPartOf\":{\"@id\":\"https:\\\/\\\/optimitive.com\\\/es\\\/#website\"},\"primaryImageOfPage\":{\"@id\":\"https:\\\/\\\/optimitive.com\\\/es\\\/casos-de-exito\\\/#primaryimage\"},\"image\":{\"@id\":\"https:\\\/\\\/optimitive.com\\\/es\\\/casos-de-exito\\\/#primaryimage\"},\"thumbnailUrl\":\"https:\\\/\\\/optimitive.com\\\/wp-content\\\/uploads\\\/2026\\\/02\\\/featured-dark-center.jpg\",\"datePublished\":\"2026-01-13T18:34:38+00:00\",\"dateModified\":\"2026-04-08T09:26:13+00:00\",\"description\":\"Descubra c\u00f3mo el rendimiento industrial y la optimizaci\u00f3n energ\u00e9tica pueden transformar las operaciones y mejorar la productividad en su planta.\",\"breadcrumb\":{\"@id\":\"https:\\\/\\\/optimitive.com\\\/es\\\/casos-de-exito\\\/#breadcrumb\"},\"inLanguage\":\"es\",\"potentialAction\":[{\"@type\":\"ReadAction\",\"target\":[\"https:\\\/\\\/optimitive.com\\\/es\\\/casos-de-exito\\\/\"]}]},{\"@type\":\"ImageObject\",\"inLanguage\":\"es\",\"@id\":\"https:\\\/\\\/optimitive.com\\\/es\\\/casos-de-exito\\\/#primaryimage\",\"url\":\"https:\\\/\\\/optimitive.com\\\/wp-content\\\/uploads\\\/2026\\\/02\\\/featured-dark-center.jpg\",\"contentUrl\":\"https:\\\/\\\/optimitive.com\\\/wp-content\\\/uploads\\\/2026\\\/02\\\/featured-dark-center.jpg\",\"width\":1920,\"height\":1080},{\"@type\":\"BreadcrumbList\",\"@id\":\"https:\\\/\\\/optimitive.com\\\/es\\\/casos-de-exito\\\/#breadcrumb\",\"itemListElement\":[{\"@type\":\"ListItem\",\"position\":1,\"name\":\"Home\",\"item\":\"https:\\\/\\\/optimitive.com\\\/es\\\/\"},{\"@type\":\"ListItem\",\"position\":2,\"name\":\"Casos de \u00e9xito\"}]},{\"@type\":\"WebSite\",\"@id\":\"https:\\\/\\\/optimitive.com\\\/es\\\/#website\",\"url\":\"https:\\\/\\\/optimitive.com\\\/es\\\/\",\"name\":\"optimitive.com\",\"description\":\"Real-time optimization by AI\",\"publisher\":{\"@id\":\"https:\\\/\\\/optimitive.com\\\/es\\\/#organization\"},\"potentialAction\":[{\"@type\":\"SearchAction\",\"target\":{\"@type\":\"EntryPoint\",\"urlTemplate\":\"https:\\\/\\\/optimitive.com\\\/es\\\/?s={search_term_string}\"},\"query-input\":{\"@type\":\"PropertyValueSpecification\",\"valueRequired\":true,\"valueName\":\"search_term_string\"}}],\"inLanguage\":\"es\"},{\"@type\":\"Organization\",\"@id\":\"https:\\\/\\\/optimitive.com\\\/es\\\/#organization\",\"name\":\"OPTIMITIVE\",\"url\":\"https:\\\/\\\/optimitive.com\\\/es\\\/\",\"logo\":{\"@type\":\"ImageObject\",\"inLanguage\":\"es\",\"@id\":\"https:\\\/\\\/optimitive.com\\\/es\\\/#\\\/schema\\\/logo\\\/image\\\/\",\"url\":\"https:\\\/\\\/optimitive.com\\\/wp-content\\\/uploads\\\/2026\\\/01\\\/logo-optimitive-color-black.svg\",\"contentUrl\":\"https:\\\/\\\/optimitive.com\\\/wp-content\\\/uploads\\\/2026\\\/01\\\/logo-optimitive-color-black.svg\",\"width\":251,\"height\":30,\"caption\":\"OPTIMITIVE\"},\"image\":{\"@id\":\"https:\\\/\\\/optimitive.com\\\/es\\\/#\\\/schema\\\/logo\\\/image\\\/\"},\"sameAs\":[\"https:\\\/\\\/x.com\\\/OPTIMITIVE\",\"https:\\\/\\\/www.linkedin.com\\\/company\\\/optimitive-s.l.\\\/?originalSubdomain=es\"],\"description\":\"Optimitive is a software company founded in 2008, specializing in AI-driven Real-Time Optimization (RTO) for industrial processes. We enhance efficiency and sustainability in sectors like cement, chemicals, oil & gas, and manufacturing, reducing energy costs up to 15% via closed-loop AI solutions like OPTIBAT\u00ae\",\"email\":\"info@optimitive.com\",\"telephone\":\"+34 945 298 120\",\"legalName\":\"OPTIMITIVE S.L.\",\"foundingDate\":\"2008-01-01\",\"numberOfEmployees\":{\"@type\":\"QuantitativeValue\",\"minValue\":\"11\",\"maxValue\":\"50\"},\"publishingPrinciples\":\"https:\\\/\\\/optimitive.com\\\/privacy-policy\\\/\",\"ownershipFundingInfo\":\"https:\\\/\\\/optimitive.com\\\/legal-notice\\\/\",\"actionableFeedbackPolicy\":\"https:\\\/\\\/optimitive.com\\\/privacy-policy\\\/\"}]}<\/script>\n<!-- \/ Yoast SEO Premium plugin. -->","yoast_head_json":{"title":"Casos de \u00e9xito - OPTIMITIVE","description":"Descubra c\u00f3mo el rendimiento industrial y la optimizaci\u00f3n energ\u00e9tica pueden transformar las operaciones y mejorar la productividad en su planta.","robots":{"index":"index","follow":"follow","max-snippet":"max-snippet:-1","max-image-preview":"max-image-preview:large","max-video-preview":"max-video-preview:-1"},"canonical":"https:\/\/optimitive.com\/es\/casos-de-exito\/","og_locale":"es_ES","og_type":"article","og_title":"Casos de \u00e9xito","og_description":"Optimitive optimizes industrial processes with AI and digital twins. We reduce energy costs up to 15% in cement, chemical, and manufacturing plants. Discover proven RTO solutions in Spain and Europe.","og_url":"https:\/\/optimitive.com\/es\/casos-de-exito\/","og_site_name":"OPTIMITIVE","article_modified_time":"2026-04-08T09:26:13+00:00","og_image":[{"width":1920,"height":1080,"url":"https:\/\/optimitive.com\/wp-content\/uploads\/2026\/02\/featured-dark-center.jpg","type":"image\/jpeg"}],"twitter_card":"summary_large_image","twitter_site":"@OPTIMITIVE","schema":{"@context":"https:\/\/schema.org","@graph":[{"@type":"WebPage","@id":"https:\/\/optimitive.com\/es\/casos-de-exito\/","url":"https:\/\/optimitive.com\/es\/casos-de-exito\/","name":"Casos de \u00e9xito - OPTIMITIVE","isPartOf":{"@id":"https:\/\/optimitive.com\/es\/#website"},"primaryImageOfPage":{"@id":"https:\/\/optimitive.com\/es\/casos-de-exito\/#primaryimage"},"image":{"@id":"https:\/\/optimitive.com\/es\/casos-de-exito\/#primaryimage"},"thumbnailUrl":"https:\/\/optimitive.com\/wp-content\/uploads\/2026\/02\/featured-dark-center.jpg","datePublished":"2026-01-13T18:34:38+00:00","dateModified":"2026-04-08T09:26:13+00:00","description":"Descubra c\u00f3mo el rendimiento industrial y la optimizaci\u00f3n energ\u00e9tica pueden transformar las operaciones y mejorar la productividad en su planta.","breadcrumb":{"@id":"https:\/\/optimitive.com\/es\/casos-de-exito\/#breadcrumb"},"inLanguage":"es","potentialAction":[{"@type":"ReadAction","target":["https:\/\/optimitive.com\/es\/casos-de-exito\/"]}]},{"@type":"ImageObject","inLanguage":"es","@id":"https:\/\/optimitive.com\/es\/casos-de-exito\/#primaryimage","url":"https:\/\/optimitive.com\/wp-content\/uploads\/2026\/02\/featured-dark-center.jpg","contentUrl":"https:\/\/optimitive.com\/wp-content\/uploads\/2026\/02\/featured-dark-center.jpg","width":1920,"height":1080},{"@type":"BreadcrumbList","@id":"https:\/\/optimitive.com\/es\/casos-de-exito\/#breadcrumb","itemListElement":[{"@type":"ListItem","position":1,"name":"Home","item":"https:\/\/optimitive.com\/es\/"},{"@type":"ListItem","position":2,"name":"Casos de \u00e9xito"}]},{"@type":"WebSite","@id":"https:\/\/optimitive.com\/es\/#website","url":"https:\/\/optimitive.com\/es\/","name":"optimitive.com","description":"Real-time optimization by AI","publisher":{"@id":"https:\/\/optimitive.com\/es\/#organization"},"potentialAction":[{"@type":"SearchAction","target":{"@type":"EntryPoint","urlTemplate":"https:\/\/optimitive.com\/es\/?s={search_term_string}"},"query-input":{"@type":"PropertyValueSpecification","valueRequired":true,"valueName":"search_term_string"}}],"inLanguage":"es"},{"@type":"Organization","@id":"https:\/\/optimitive.com\/es\/#organization","name":"OPTIMITIVE","url":"https:\/\/optimitive.com\/es\/","logo":{"@type":"ImageObject","inLanguage":"es","@id":"https:\/\/optimitive.com\/es\/#\/schema\/logo\/image\/","url":"https:\/\/optimitive.com\/wp-content\/uploads\/2026\/01\/logo-optimitive-color-black.svg","contentUrl":"https:\/\/optimitive.com\/wp-content\/uploads\/2026\/01\/logo-optimitive-color-black.svg","width":251,"height":30,"caption":"OPTIMITIVE"},"image":{"@id":"https:\/\/optimitive.com\/es\/#\/schema\/logo\/image\/"},"sameAs":["https:\/\/x.com\/OPTIMITIVE","https:\/\/www.linkedin.com\/company\/optimitive-s.l.\/?originalSubdomain=es"],"description":"Optimitive is a software company founded in 2008, specializing in AI-driven Real-Time Optimization (RTO) for industrial processes. We enhance efficiency and sustainability in sectors like cement, chemicals, oil & gas, and manufacturing, reducing energy costs up to 15% via closed-loop AI solutions like OPTIBAT\u00ae","email":"info@optimitive.com","telephone":"+34 945 298 120","legalName":"OPTIMITIVE S.L.","foundingDate":"2008-01-01","numberOfEmployees":{"@type":"QuantitativeValue","minValue":"11","maxValue":"50"},"publishingPrinciples":"https:\/\/optimitive.com\/privacy-policy\/","ownershipFundingInfo":"https:\/\/optimitive.com\/legal-notice\/","actionableFeedbackPolicy":"https:\/\/optimitive.com\/privacy-policy\/"}]}},"_links":{"self":[{"href":"https:\/\/optimitive.com\/es\/wp-json\/wp\/v2\/pages\/8039","targetHints":{"allow":["GET"]}}],"collection":[{"href":"https:\/\/optimitive.com\/es\/wp-json\/wp\/v2\/pages"}],"about":[{"href":"https:\/\/optimitive.com\/es\/wp-json\/wp\/v2\/types\/page"}],"author":[{"embeddable":true,"href":"https:\/\/optimitive.com\/es\/wp-json\/wp\/v2\/users\/2"}],"replies":[{"embeddable":true,"href":"https:\/\/optimitive.com\/es\/wp-json\/wp\/v2\/comments?post=8039"}],"version-history":[{"count":8,"href":"https:\/\/optimitive.com\/es\/wp-json\/wp\/v2\/pages\/8039\/revisions"}],"predecessor-version":[{"id":8597,"href":"https:\/\/optimitive.com\/es\/wp-json\/wp\/v2\/pages\/8039\/revisions\/8597"}],"wp:featuredmedia":[{"embeddable":true,"href":"https:\/\/optimitive.com\/es\/wp-json\/wp\/v2\/media\/8040"}],"wp:attachment":[{"href":"https:\/\/optimitive.com\/es\/wp-json\/wp\/v2\/media?parent=8039"}],"wp:term":[{"taxonomy":"dipi_cpt_category","embeddable":true,"href":"https:\/\/optimitive.com\/es\/wp-json\/wp\/v2\/dipi_cpt_category?post=8039"}],"curies":[{"name":"wp","href":"https:\/\/api.w.org\/{rel}","templated":true}]}}