{"id":8229,"date":"2026-02-11T22:53:06","date_gmt":"2026-02-11T21:53:06","guid":{"rendered":"https:\/\/optimitive.com\/subvencion-hazitek\/"},"modified":"2026-04-05T21:21:46","modified_gmt":"2026-04-05T19:21:46","slug":"subvencion-hazitek","status":"publish","type":"page","link":"https:\/\/optimitive.com\/es\/subvencion-hazitek\/","title":{"rendered":"Subvenci\u00f3n Hazitek"},"content":{"rendered":"<div class=\"et_pb_section_0 et_pb_section et_section_regular et_block_section\">\n<div class=\"et_pb_row_0 et_pb_row et_pb_row_1-2_1-4_1-4 et_pb_equal_columns et_block_row et_block_row_1-2_1-4_1-4\">\n<div class=\"et_pb_column_0 et_pb_column et_pb_column_1_2 et_block_column et_pb_css_mix_blend_mode_passthrough\">\n<div class=\"et_pb_text_0 et_pb_text et_pb_bg_layout_light et_pb_module et_block_module preset--module--divi-text--default\"><div class=\"et_pb_text_inner\"><h1>Subvenciones Hazitek<\/h1>\n<\/div><\/div>\n\n<div class=\"dipi_breadcrumbs_0 dipi_breadcrumbs et_pb_bg_layout_light et_pb_module preset--module--dipi-breadcrumbs--default\"><div class=\"dipi-breadcrumbs dipi-bc-left\">\n                <ul >\n                    \n                                                <li  class=\"dipi-breadcrumb-item dipi-breadcrumb-home\">\n\n                                            <a  href=\"https:\/\/optimitive.com\/es\/\">\n                            <span >\n                                                                OPTIMITIVE                            <\/span>\n                        <\/a>\n\n                                        <meta itemprop=\"position\" content=\"1\"\/>                <\/li>\n\n                <li class=\"dipi-breadcrumb-separator\">\n                    <span class=\"et-pb-icon dipi-separator-icon\">9<\/span>\n                <\/li>                        \n                <\/ul>\n            <\/div><\/div>\n<\/div>\n\n<div class=\"et_pb_column_1 et_pb_column et_pb_column_1_4 et_block_column et_pb_column_empty et_pb_css_mix_blend_mode_passthrough\"><\/div>\n\n<div class=\"et_pb_column_2 et_pb_column et_pb_column_1_4 et-last-child et_block_column et_pb_column_empty et_pb_css_mix_blend_mode_passthrough\"><\/div>\n<\/div>\n<\/div>\n\n<div class=\"et_pb_section_1 et_pb_section et_section_regular et_block_section\">\n<div class=\"et_pb_row_1 et_pb_row et_pb_gutters2 et_block_row\">\n<div class=\"et_pb_column_3 et_pb_column et_pb_column_4_4 et-last-child et_block_column et_pb_css_mix_blend_mode_passthrough\">\n<div class=\"et_pb_image_0 et_pb_image et_pb_module et_flex_module\"><span class=\"et_pb_image_wrap\"><img loading=\"lazy\" decoding=\"async\" src=\"https:\/\/optimitive.com\/wp-content\/uploads\/2026\/03\/Banner-Hazitek-.png\" title=\"Banner-Hazitek-\" width=\"600\" height=\"80\" srcset=\"https:\/\/optimitive.com\/wp-content\/uploads\/2026\/03\/Banner-Hazitek-.png 600w, https:\/\/optimitive.com\/wp-content\/uploads\/2026\/03\/Banner-Hazitek--480x64.png 480w\" sizes=\"(min-width: 0px) and (max-width: 480px) 480px, (min-width: 481px) 600px, 100vw\" class=\"wp-image-8024\" \/><\/span><\/div>\n\n<div class=\"et_pb_row_2 et_pb_row et_pb_row_nested et_flex_row\">\n<div class=\"et_pb_column_4 et_pb_column et_flex_column et_pb_css_mix_blend_mode_passthrough et_flex_column_12_24 et_flex_column_12_24_tablet et_flex_column_24_24_phone\">\n<div class=\"et_pb_image_1 et_pb_image et_pb_module et_flex_module\"><span class=\"et_pb_image_wrap\"><img loading=\"lazy\" decoding=\"async\" src=\"https:\/\/optimitive.com\/wp-content\/uploads\/2026\/03\/02f70593-303c-45b3-9a39-25354f3ed7ca.png\" title=\"02f70593-303c-45b3-9a39-25354f3ed7ca\" width=\"485\" height=\"208\" srcset=\"https:\/\/optimitive.com\/wp-content\/uploads\/2026\/03\/02f70593-303c-45b3-9a39-25354f3ed7ca.png 485w, https:\/\/optimitive.com\/wp-content\/uploads\/2026\/03\/02f70593-303c-45b3-9a39-25354f3ed7ca-480x206.png 480w\" sizes=\"(min-width: 0px) and (max-width: 480px) 480px, (min-width: 481px) 485px, 100vw\" class=\"wp-image-8025\" \/><\/span><\/div>\n<\/div>\n\n<div class=\"et_pb_column_5 et_pb_column et-last-child et_flex_column et_pb_css_mix_blend_mode_passthrough et_flex_column_12_24 et_flex_column_12_24_tablet et_flex_column_24_24_phone\">\n<div class=\"et_pb_image_2 et_pb_image et_pb_module et_flex_module\"><span class=\"et_pb_image_wrap\"><img loading=\"lazy\" decoding=\"async\" src=\"https:\/\/optimitive.com\/wp-content\/uploads\/2026\/03\/cf5a2329-b853-438d-94fc-478417b7fcb3__.png\" title=\"cf5a2329-b853-438d-94fc-478417b7fcb3__\" width=\"400\" height=\"152\" srcset=\"https:\/\/optimitive.com\/wp-content\/uploads\/2026\/03\/cf5a2329-b853-438d-94fc-478417b7fcb3__.png 400w, https:\/\/optimitive.com\/wp-content\/uploads\/2026\/03\/cf5a2329-b853-438d-94fc-478417b7fcb3__-300x114.png 300w\" sizes=\"(max-width: 400px) 100vw, 400px\" class=\"wp-image-8029\" \/><\/span><\/div>\n<\/div>\n<\/div>\n\n<div class=\"et_pb_divider_0 et_pb_divider_hidden et_pb_space et_pb_divider_position_top et_pb_module\"><div class=\"et_pb_divider_internal\"><\/div><\/div>\n\n<div class=\"et_pb_text_1 et_pb_text et_pb_bg_layout_light et_pb_module et_block_module preset--module--divi-text--default\"><div class=\"et_pb_text_inner\"><h6>Hazitek es un programa de subvenciones dise\u00f1ado para apoyar a empresas de I+D, promoviendo la investigaci\u00f3n y el desarrollo en empresas vascas, incluyendo pymes, grandes empresas y asociaciones. Es una iniciativa cofinanciada por Eusko Jaurlaritza \u2013 el Gobierno Vasco \u2013 y la Uni\u00f3n Europea a trav\u00e9s del Fondo Europeo de Desarrollo Regional.<\/h6>\n<\/div><\/div>\n\n<div class=\"et_pb_text_2 et_pb_text et_pb_bg_layout_light et_pb_module et_block_module preset--module--divi-text--default\"><div class=\"et_pb_text_inner\"><h2>2023<\/h2>\n<p>En 2023, OPTIMITIVE S.L. recibi\u00f3 la subvenci\u00f3n Hazitek 2023 para llevar a cabo el proyecto \u201cOPTICLOUD \u2013 Inteligencia en la nube para el an\u00e1lisis visual y la optimizaci\u00f3n de procesos industriales\u201d.<br \/>\nProyecto ZL-2023\/00317 Proyecto OPTICLOUD<br \/>\nPROGRAMA DE AYUDAS DE APOYO A LA I+D EMPRESARIAL - HAZITEK<br \/>\nACCI\u00d3N COFINANCIADA POR EL GOBIERNO VASCO Y LA UNI\u00d3N EUROPEA A TRAV\u00c9S DEL FONDO EUROPEO DE DESARROLLO REGIONAL 2021-2027 (FEDER)<\/p>\n<h2>2025<\/h2>\n<p>En 2025, OPTIMITIVE S.L. recibi\u00f3 la subvenci\u00f3n Hazitek 2025 para llevar a cabo el proyecto \u201cOptimizaci\u00f3n Industrial como Servicio basada en Inteligencia Artificial\u201d.<\/p>\n<p>N.\u00ba de proyecto ZL-2025\/00676 - Proyecto OPTISERVICE<br \/>\nPROGRAMA DE AYUDAS DE APOYO A LA I+D EMPRESARIAL - HAZITEK<\/p>\n<p>ACCI\u00d3N COFINANCIADA POR EL GOBIERNO VASCO Y LA UNI\u00d3N EUROPEA A TRAV\u00c9S DEL FONDO EUROPEO DE DESARROLLO REGIONAL 2021-2027 (FEDER)<\/p>\n<\/div><\/div>\n<\/div>\n<\/div>\n\n<div class=\"et_pb_row_3 et_pb_row et_block_row\">\n<div class=\"et_pb_column_6 et_pb_column et_pb_column_4_4 et-last-child et_block_column et_pb_css_mix_blend_mode_passthrough\">\n<div class=\"dipi_expanding_cta_0 dipi_expanding_cta et_pb_bg_layout_light et_pb_module\"><div class=\"dipi_expanding_cta_container \"\n                data-config=\"{&quot;hide_header&quot;:&quot;off&quot;,&quot;hide_backtotop&quot;:&quot;off&quot;,&quot;dipi_expanding_cta_class&quot;:&quot;dipi_expanding_cta_dipi\\\/expanding-cta-0&quot;,&quot;dipi_expanding_cta_order_number&quot;:&quot;dipi\\\/expanding-cta-0&quot;}\"\n            >\n                <div class=\"dipi_expanding_cta_container-background\">\n                    <span class=\"et_pb_background_pattern\"><\/span>\n\t\t\t\t\t<span class=\"et_pb_background_mask\"><\/span>\n                <\/div>\n                \n            <div class=\"dipi_expanding_cta-content-wrapper\">\n                <div\n              class=\"dipi_expanding_cta-content\">\n              \n            <div class=\"dipi-content-text\">\n                <h2 class=\"dipi-content-heading\">\n                    Deje de reaccionar a sus datos. Empiece a predecir con OPTIBAT\u00ae. \n                <\/h2>\n                <div class=\"dipi-desc\"><p>\u00bfSu planta sigue operando con los est\u00e1ndares de eficiencia de ayer? <\/p><\/div>\n            <\/div>\n            <div class=\"dipi-button-wrapper\">\n                <a class=\"et_pb_button dipi_content_button\" href=\"https:\/\/optimitive.com\/es\/solicita-una-demostracion\/\" data-icon=\"\uf133\">Solicite una demostraci\u00f3n <\/a> \n            <\/div>\n          \n            <\/div>\n            <\/div>\n            \n                \n            <\/div>\n            <div class=\"dipi_extending_cta-overlay\">\n            \n            <\/div>\n            \n            <\/div>\n<\/div>\n<\/div>\n<\/div>","protected":false},"excerpt":{"rendered":"","protected":false},"author":2,"featured_media":8161,"parent":0,"menu_order":0,"comment_status":"closed","ping_status":"closed","template":"","meta":{"iawp_total_views":1,"footnotes":""},"dipi_cpt_category":[],"class_list":["post-8229","page","type-page","status-publish","has-post-thumbnail","hentry"],"yoast_head":"<!-- This site is optimized with the Yoast SEO Premium plugin v27.4 (Yoast SEO v27.4) - https:\/\/yoast.com\/product\/yoast-seo-premium-wordpress\/ -->\n<title>Subvenci\u00f3n Hazitek - OPTIMITIVE<\/title>\n<meta name=\"description\" content=\"Conozca las subvenciones del Gobierno Vasco SPRI para impulsar sus proyectos y esfuerzos de innovaci\u00f3n en el Pa\u00eds Vasco.\" \/>\n<meta name=\"robots\" content=\"index, follow, max-snippet:-1, max-image-preview:large, max-video-preview:-1\" \/>\n<link rel=\"canonical\" href=\"https:\/\/optimitive.com\/es\/subvencion-hazitek\/\" \/>\n<meta property=\"og:locale\" content=\"es_ES\" \/>\n<meta property=\"og:type\" content=\"article\" \/>\n<meta property=\"og:title\" content=\"Subvenci\u00f3n Hazitek\" \/>\n<meta property=\"og:description\" content=\"Optimitive optimizes industrial processes with AI and digital twins. We reduce energy costs up to 15% in cement, chemical, and manufacturing plants. Discover proven RTO solutions in Spain and Europe.\" \/>\n<meta property=\"og:url\" content=\"https:\/\/optimitive.com\/es\/subvencion-hazitek\/\" \/>\n<meta property=\"og:site_name\" content=\"OPTIMITIVE\" \/>\n<meta property=\"article:modified_time\" content=\"2026-04-05T19:21:46+00:00\" \/>\n<meta property=\"og:image\" content=\"https:\/\/optimitive.com\/wp-content\/uploads\/2023\/03\/Hazitek2022-2.png\" \/>\n\t<meta property=\"og:image:width\" content=\"622\" \/>\n\t<meta property=\"og:image:height\" content=\"213\" \/>\n\t<meta property=\"og:image:type\" content=\"image\/png\" \/>\n<meta name=\"twitter:card\" content=\"summary_large_image\" \/>\n<meta name=\"twitter:site\" content=\"@OPTIMITIVE\" \/>\n<script type=\"application\/ld+json\" class=\"yoast-schema-graph\">{\"@context\":\"https:\\\/\\\/schema.org\",\"@graph\":[{\"@type\":\"WebPage\",\"@id\":\"https:\\\/\\\/optimitive.com\\\/es\\\/subvencion-hazitek\\\/\",\"url\":\"https:\\\/\\\/optimitive.com\\\/es\\\/subvencion-hazitek\\\/\",\"name\":\"Subvenci\u00f3n Hazitek - OPTIMITIVE\",\"isPartOf\":{\"@id\":\"https:\\\/\\\/optimitive.com\\\/es\\\/#website\"},\"primaryImageOfPage\":{\"@id\":\"https:\\\/\\\/optimitive.com\\\/es\\\/subvencion-hazitek\\\/#primaryimage\"},\"image\":{\"@id\":\"https:\\\/\\\/optimitive.com\\\/es\\\/subvencion-hazitek\\\/#primaryimage\"},\"thumbnailUrl\":\"https:\\\/\\\/optimitive.com\\\/wp-content\\\/uploads\\\/2023\\\/03\\\/Hazitek2022-2.png\",\"datePublished\":\"2026-02-11T21:53:06+00:00\",\"dateModified\":\"2026-04-05T19:21:46+00:00\",\"description\":\"Conozca las subvenciones del Gobierno Vasco SPRI para impulsar sus proyectos y esfuerzos de innovaci\u00f3n en el Pa\u00eds Vasco.\",\"breadcrumb\":{\"@id\":\"https:\\\/\\\/optimitive.com\\\/es\\\/subvencion-hazitek\\\/#breadcrumb\"},\"inLanguage\":\"es\",\"potentialAction\":[{\"@type\":\"ReadAction\",\"target\":[\"https:\\\/\\\/optimitive.com\\\/es\\\/subvencion-hazitek\\\/\"]}]},{\"@type\":\"ImageObject\",\"inLanguage\":\"es\",\"@id\":\"https:\\\/\\\/optimitive.com\\\/es\\\/subvencion-hazitek\\\/#primaryimage\",\"url\":\"https:\\\/\\\/optimitive.com\\\/wp-content\\\/uploads\\\/2023\\\/03\\\/Hazitek2022-2.png\",\"contentUrl\":\"https:\\\/\\\/optimitive.com\\\/wp-content\\\/uploads\\\/2023\\\/03\\\/Hazitek2022-2.png\",\"width\":622,\"height\":213},{\"@type\":\"BreadcrumbList\",\"@id\":\"https:\\\/\\\/optimitive.com\\\/es\\\/subvencion-hazitek\\\/#breadcrumb\",\"itemListElement\":[{\"@type\":\"ListItem\",\"position\":1,\"name\":\"Home\",\"item\":\"https:\\\/\\\/optimitive.com\\\/es\\\/\"},{\"@type\":\"ListItem\",\"position\":2,\"name\":\"Subvenci\u00f3n Hazitek\"}]},{\"@type\":\"WebSite\",\"@id\":\"https:\\\/\\\/optimitive.com\\\/es\\\/#website\",\"url\":\"https:\\\/\\\/optimitive.com\\\/es\\\/\",\"name\":\"optimitive.com\",\"description\":\"Real-time optimization by AI\",\"publisher\":{\"@id\":\"https:\\\/\\\/optimitive.com\\\/es\\\/#organization\"},\"potentialAction\":[{\"@type\":\"SearchAction\",\"target\":{\"@type\":\"EntryPoint\",\"urlTemplate\":\"https:\\\/\\\/optimitive.com\\\/es\\\/?s={search_term_string}\"},\"query-input\":{\"@type\":\"PropertyValueSpecification\",\"valueRequired\":true,\"valueName\":\"search_term_string\"}}],\"inLanguage\":\"es\"},{\"@type\":\"Organization\",\"@id\":\"https:\\\/\\\/optimitive.com\\\/es\\\/#organization\",\"name\":\"OPTIMITIVE\",\"url\":\"https:\\\/\\\/optimitive.com\\\/es\\\/\",\"logo\":{\"@type\":\"ImageObject\",\"inLanguage\":\"es\",\"@id\":\"https:\\\/\\\/optimitive.com\\\/es\\\/#\\\/schema\\\/logo\\\/image\\\/\",\"url\":\"https:\\\/\\\/optimitive.com\\\/wp-content\\\/uploads\\\/2026\\\/01\\\/logo-optimitive-color-black.svg\",\"contentUrl\":\"https:\\\/\\\/optimitive.com\\\/wp-content\\\/uploads\\\/2026\\\/01\\\/logo-optimitive-color-black.svg\",\"width\":251,\"height\":30,\"caption\":\"OPTIMITIVE\"},\"image\":{\"@id\":\"https:\\\/\\\/optimitive.com\\\/es\\\/#\\\/schema\\\/logo\\\/image\\\/\"},\"sameAs\":[\"https:\\\/\\\/x.com\\\/OPTIMITIVE\",\"https:\\\/\\\/www.linkedin.com\\\/company\\\/optimitive-s.l.\\\/?originalSubdomain=es\"],\"description\":\"Optimitive is a software company founded in 2008, specializing in AI-driven Real-Time Optimization (RTO) for industrial processes. We enhance efficiency and sustainability in sectors like cement, chemicals, oil & gas, and manufacturing, reducing energy costs up to 15% via closed-loop AI solutions like OPTIBAT\u00ae\",\"email\":\"info@optimitive.com\",\"telephone\":\"+34 945 298 120\",\"legalName\":\"OPTIMITIVE S.L.\",\"foundingDate\":\"2008-01-01\",\"numberOfEmployees\":{\"@type\":\"QuantitativeValue\",\"minValue\":\"11\",\"maxValue\":\"50\"},\"publishingPrinciples\":\"https:\\\/\\\/optimitive.com\\\/privacy-policy\\\/\",\"ownershipFundingInfo\":\"https:\\\/\\\/optimitive.com\\\/legal-notice\\\/\",\"actionableFeedbackPolicy\":\"https:\\\/\\\/optimitive.com\\\/privacy-policy\\\/\"}]}<\/script>\n<!-- \/ Yoast SEO Premium plugin. -->","yoast_head_json":{"title":"Subvenci\u00f3n Hazitek - OPTIMITIVE","description":"Conozca las subvenciones del Gobierno Vasco SPRI para impulsar sus proyectos y esfuerzos de innovaci\u00f3n en el Pa\u00eds Vasco.","robots":{"index":"index","follow":"follow","max-snippet":"max-snippet:-1","max-image-preview":"max-image-preview:large","max-video-preview":"max-video-preview:-1"},"canonical":"https:\/\/optimitive.com\/es\/subvencion-hazitek\/","og_locale":"es_ES","og_type":"article","og_title":"Subvenci\u00f3n Hazitek","og_description":"Optimitive optimizes industrial processes with AI and digital twins. We reduce energy costs up to 15% in cement, chemical, and manufacturing plants. Discover proven RTO solutions in Spain and Europe.","og_url":"https:\/\/optimitive.com\/es\/subvencion-hazitek\/","og_site_name":"OPTIMITIVE","article_modified_time":"2026-04-05T19:21:46+00:00","og_image":[{"width":622,"height":213,"url":"https:\/\/optimitive.com\/wp-content\/uploads\/2023\/03\/Hazitek2022-2.png","type":"image\/png"}],"twitter_card":"summary_large_image","twitter_site":"@OPTIMITIVE","schema":{"@context":"https:\/\/schema.org","@graph":[{"@type":"WebPage","@id":"https:\/\/optimitive.com\/es\/subvencion-hazitek\/","url":"https:\/\/optimitive.com\/es\/subvencion-hazitek\/","name":"Subvenci\u00f3n Hazitek - OPTIMITIVE","isPartOf":{"@id":"https:\/\/optimitive.com\/es\/#website"},"primaryImageOfPage":{"@id":"https:\/\/optimitive.com\/es\/subvencion-hazitek\/#primaryimage"},"image":{"@id":"https:\/\/optimitive.com\/es\/subvencion-hazitek\/#primaryimage"},"thumbnailUrl":"https:\/\/optimitive.com\/wp-content\/uploads\/2023\/03\/Hazitek2022-2.png","datePublished":"2026-02-11T21:53:06+00:00","dateModified":"2026-04-05T19:21:46+00:00","description":"Conozca las subvenciones del Gobierno Vasco SPRI para impulsar sus proyectos y esfuerzos de innovaci\u00f3n en el Pa\u00eds Vasco.","breadcrumb":{"@id":"https:\/\/optimitive.com\/es\/subvencion-hazitek\/#breadcrumb"},"inLanguage":"es","potentialAction":[{"@type":"ReadAction","target":["https:\/\/optimitive.com\/es\/subvencion-hazitek\/"]}]},{"@type":"ImageObject","inLanguage":"es","@id":"https:\/\/optimitive.com\/es\/subvencion-hazitek\/#primaryimage","url":"https:\/\/optimitive.com\/wp-content\/uploads\/2023\/03\/Hazitek2022-2.png","contentUrl":"https:\/\/optimitive.com\/wp-content\/uploads\/2023\/03\/Hazitek2022-2.png","width":622,"height":213},{"@type":"BreadcrumbList","@id":"https:\/\/optimitive.com\/es\/subvencion-hazitek\/#breadcrumb","itemListElement":[{"@type":"ListItem","position":1,"name":"Home","item":"https:\/\/optimitive.com\/es\/"},{"@type":"ListItem","position":2,"name":"Subvenci\u00f3n Hazitek"}]},{"@type":"WebSite","@id":"https:\/\/optimitive.com\/es\/#website","url":"https:\/\/optimitive.com\/es\/","name":"optimitive.com","description":"Real-time optimization by AI","publisher":{"@id":"https:\/\/optimitive.com\/es\/#organization"},"potentialAction":[{"@type":"SearchAction","target":{"@type":"EntryPoint","urlTemplate":"https:\/\/optimitive.com\/es\/?s={search_term_string}"},"query-input":{"@type":"PropertyValueSpecification","valueRequired":true,"valueName":"search_term_string"}}],"inLanguage":"es"},{"@type":"Organization","@id":"https:\/\/optimitive.com\/es\/#organization","name":"OPTIMITIVE","url":"https:\/\/optimitive.com\/es\/","logo":{"@type":"ImageObject","inLanguage":"es","@id":"https:\/\/optimitive.com\/es\/#\/schema\/logo\/image\/","url":"https:\/\/optimitive.com\/wp-content\/uploads\/2026\/01\/logo-optimitive-color-black.svg","contentUrl":"https:\/\/optimitive.com\/wp-content\/uploads\/2026\/01\/logo-optimitive-color-black.svg","width":251,"height":30,"caption":"OPTIMITIVE"},"image":{"@id":"https:\/\/optimitive.com\/es\/#\/schema\/logo\/image\/"},"sameAs":["https:\/\/x.com\/OPTIMITIVE","https:\/\/www.linkedin.com\/company\/optimitive-s.l.\/?originalSubdomain=es"],"description":"Optimitive is a software company founded in 2008, specializing in AI-driven Real-Time Optimization (RTO) for industrial processes. We enhance efficiency and sustainability in sectors like cement, chemicals, oil & gas, and manufacturing, reducing energy costs up to 15% via closed-loop AI solutions like OPTIBAT\u00ae","email":"info@optimitive.com","telephone":"+34 945 298 120","legalName":"OPTIMITIVE S.L.","foundingDate":"2008-01-01","numberOfEmployees":{"@type":"QuantitativeValue","minValue":"11","maxValue":"50"},"publishingPrinciples":"https:\/\/optimitive.com\/privacy-policy\/","ownershipFundingInfo":"https:\/\/optimitive.com\/legal-notice\/","actionableFeedbackPolicy":"https:\/\/optimitive.com\/privacy-policy\/"}]}},"_links":{"self":[{"href":"https:\/\/optimitive.com\/es\/wp-json\/wp\/v2\/pages\/8229","targetHints":{"allow":["GET"]}}],"collection":[{"href":"https:\/\/optimitive.com\/es\/wp-json\/wp\/v2\/pages"}],"about":[{"href":"https:\/\/optimitive.com\/es\/wp-json\/wp\/v2\/types\/page"}],"author":[{"embeddable":true,"href":"https:\/\/optimitive.com\/es\/wp-json\/wp\/v2\/users\/2"}],"replies":[{"embeddable":true,"href":"https:\/\/optimitive.com\/es\/wp-json\/wp\/v2\/comments?post=8229"}],"version-history":[{"count":6,"href":"https:\/\/optimitive.com\/es\/wp-json\/wp\/v2\/pages\/8229\/revisions"}],"predecessor-version":[{"id":8484,"href":"https:\/\/optimitive.com\/es\/wp-json\/wp\/v2\/pages\/8229\/revisions\/8484"}],"wp:featuredmedia":[{"embeddable":true,"href":"https:\/\/optimitive.com\/es\/wp-json\/wp\/v2\/media\/8161"}],"wp:attachment":[{"href":"https:\/\/optimitive.com\/es\/wp-json\/wp\/v2\/media?parent=8229"}],"wp:term":[{"taxonomy":"dipi_cpt_category","embeddable":true,"href":"https:\/\/optimitive.com\/es\/wp-json\/wp\/v2\/dipi_cpt_category?post=8229"}],"curies":[{"name":"wp","href":"https:\/\/api.w.org\/{rel}","templated":true}]}}