{"id":8240,"date":"2026-01-14T17:21:17","date_gmt":"2026-01-14T16:21:17","guid":{"rendered":"https:\/\/optimitive.com\/industrias\/"},"modified":"2026-04-08T11:36:14","modified_gmt":"2026-04-08T09:36:14","slug":"industrias","status":"publish","type":"page","link":"https:\/\/optimitive.com\/es\/industrias\/","title":{"rendered":"Industrias"},"content":{"rendered":"<div class=\"et_pb_section_0 et_pb_section et_section_regular et_block_section\">\n<div class=\"et_pb_row_0 et_pb_row et_block_row\">\n<div class=\"et_pb_column_0 et_pb_column et_pb_column_4_4 et-last-child et_block_column et_pb_css_mix_blend_mode_passthrough\">\n<div class=\"et_pb_text_0 et_pb_text et_pb_bg_layout_light et_pb_module et_block_module et_pb_text_align_center preset--module--divi-text--default\"><div class=\"et_pb_text_inner\"><p>Optibat\u00ae 7<\/p>\n<\/div><\/div>\n\n<div class=\"et_pb_text_1 et_pb_text et_pb_bg_layout_light et_pb_module et_block_module preset--module--divi-text--default\"><div class=\"et_pb_text_inner\"><h2>Impulsando la inteligencia industrial<\/h2>\n<\/div><\/div>\n<\/div>\n<\/div>\n\n<div class=\"et_pb_row_1 et_pb_row et_flex_row\">\n<div class=\"et_pb_column_1 et_pb_column et_flex_column et_pb_css_mix_blend_mode_passthrough et_flex_column_8_24 et_flex_column_8_24_tablet et_flex_column_24_24_phone\">\n<div class=\"et_pb_row_2 et_pb_row et_pb_row_nested et_flex_row et_clickable et-interaction-target-oih109yerx preset--group--divi-row--divi-background--4nwj6sg38g\" data-interaction-target=\"oih109yerx\">\n<div class=\"et_pb_column_2 et_pb_column et-last-child et_block_column et_pb_css_mix_blend_mode_passthrough et_flex_column_24_24 et_flex_column_24_24_tablet et_flex_column_24_24_phone\">\n<div class=\"et_pb_text_2 et_pb_text et_pb_bg_layout_light et_pb_module et_block_module preset--module--divi-text--default\"><div class=\"et_pb_text_inner\"><h2>Cemento<\/h2>\n<p>10% de incremento en la tasa de rendimiento<\/p>\n<\/div><\/div>\n\n<div class=\"et_pb_text_3 et_pb_text et_pb_bg_layout_light et_pb_module et_block_module preset--module--divi-text--default\"><div class=\"et_pb_text_inner\"><p>El cemento es el segundo material m\u00e1s consumido en la Tierra despu\u00e9s del agua e indispensable para las infraestructuras, la vivienda y el desarrollo en todo el mundo. La fabricaci\u00f3n de cemento es altamente intensiva en carbono, responsable de aproximadamente el 7-8% de las emisiones globales totales de CO\u2082. <\/p>\n<\/div><\/div>\n\n<div class=\"et_pb_text_4 et_pb_text et_pb_bg_layout_light et_pb_module et_block_module preset--module--divi-text--default\"><\/div>\n<\/div>\n<\/div>\n<\/div>\n\n<div class=\"et_pb_column_3 et_pb_column et_flex_column et_pb_css_mix_blend_mode_passthrough et_flex_column_8_24 et_flex_column_8_24_tablet et_flex_column_24_24_phone\">\n<div class=\"et_pb_row_3 et_pb_row et_pb_row_nested et_flex_row et_clickable preset--group--divi-row--divi-background--4nwj6sg38g\">\n<div class=\"et_pb_column_4 et_pb_column et-last-child et_block_column et_pb_css_mix_blend_mode_passthrough et_flex_column_24_24 et_flex_column_24_24_tablet et_flex_column_24_24_phone\">\n<div class=\"et_pb_text_5 et_pb_text et_pb_bg_layout_light et_pb_module et_block_module preset--module--divi-text--default\"><div class=\"et_pb_text_inner\"><h2>Qu\u00edmica<\/h2>\n<p>5% de reducci\u00f3n de costes<\/p>\n<\/div><\/div>\n\n<div class=\"et_pb_text_6 et_pb_text et_pb_bg_layout_light et_pb_module et_block_module preset--module--divi-text--default\"><div class=\"et_pb_text_inner\"><p>La industria qu\u00edmica es un sector diverso con una alta variabilidad de procesos, que abarca productos qu\u00edmicos b\u00e1sicos, derivados y especialidades. Presenta una fuerte presencia de operaciones continuas en pl\u00e1sticos, resinas, gases industriales y fertilizantes. <\/p>\n<\/div><\/div>\n\n<div class=\"et_pb_text_7 et_pb_text et_pb_bg_layout_light et_pb_module et_block_module preset--module--divi-text--default\"><\/div>\n<\/div>\n<\/div>\n<\/div>\n\n<div class=\"et_pb_column_5 et_pb_column et_flex_column et_pb_css_mix_blend_mode_passthrough et_flex_column_8_24 et_flex_column_8_24_tablet et_flex_column_24_24_phone\">\n<div class=\"et_pb_row_4 et_pb_row et_pb_row_nested et_flex_row et_clickable preset--group--divi-row--divi-background--4nwj6sg38g\">\n<div class=\"et_pb_column_6 et_pb_column et-last-child et_block_column et_pb_css_mix_blend_mode_passthrough et_flex_column_24_24 et_flex_column_24_24_tablet et_flex_column_24_24_phone\">\n<div class=\"et_pb_text_8 et_pb_text et_pb_bg_layout_light et_pb_module et_block_module preset--module--divi-text--default\"><div class=\"et_pb_text_inner\"><h2>Metal<\/h2>\n<p>4% de reducci\u00f3n del consumo energ\u00e9tico<\/p>\n<\/div><\/div>\n\n<div class=\"et_pb_text_9 et_pb_text et_pb_bg_layout_light et_pb_module et_block_module preset--module--divi-text--default\"><div class=\"et_pb_text_inner\"><p>La producci\u00f3n de metales se centra en el acero y el aluminio, que son los materiales m\u00e1s intensivos en energ\u00eda del sector. Las operaciones implican procesos continuos o h\u00edbridos, que incluyen fusi\u00f3n, refinado, fundici\u00f3n y laminaci\u00f3n. <\/p>\n<\/div><\/div>\n\n<div class=\"et_pb_text_10 et_pb_text et_pb_bg_layout_light et_pb_module et_block_module preset--module--divi-text--default\"><\/div>\n<\/div>\n<\/div>\n<\/div>\n\n<div class=\"et_pb_column_7 et_pb_column et_flex_column et_pb_css_mix_blend_mode_passthrough et_flex_column_8_24 et_flex_column_8_24_tablet et_flex_column_24_24_phone\">\n<div class=\"et_pb_row_5 et_pb_row et_pb_row_nested et_flex_row et_clickable preset--group--divi-row--divi-background--4nwj6sg38g\">\n<div class=\"et_pb_column_8 et_pb_column et-last-child et_block_column et_pb_css_mix_blend_mode_passthrough et_flex_column_24_24 et_flex_column_24_24_tablet et_flex_column_24_24_phone\">\n<div class=\"et_pb_text_11 et_pb_text et_pb_bg_layout_light et_pb_module et_block_module preset--module--divi-text--default\"><div class=\"et_pb_text_inner\"><h2>Petroqu\u00edmica<\/h2>\n<p>Reducci\u00f3n de las emisiones anuales de CO\u2082 de 2.410 toneladas<\/p>\n<\/div><\/div>\n\n<div class=\"et_pb_text_12 et_pb_text et_pb_bg_layout_light et_pb_module et_block_module preset--module--divi-text--default\"><div class=\"et_pb_text_inner\"><p>Este sector se encarga del refinado de petr\u00f3leo crudo y gas en combustibles, productos qu\u00edmicos b\u00e1sicos y productos intermedios. Las operaciones centrales gestionan el craqueo, la isomerizaci\u00f3n y la separaci\u00f3n de corrientes. <\/p>\n<\/div><\/div>\n\n<div class=\"et_pb_text_13 et_pb_text et_pb_bg_layout_light et_pb_module et_block_module preset--module--divi-text--default\"><\/div>\n<\/div>\n<\/div>\n<\/div>\n\n<div class=\"et_pb_column_9 et_pb_column et_flex_column et_pb_css_mix_blend_mode_passthrough et_flex_column_8_24 et_flex_column_8_24_tablet et_flex_column_24_24_phone\">\n<div class=\"et_pb_row_6 et_pb_row et_pb_row_nested et_flex_row et_clickable preset--group--divi-row--divi-background--4nwj6sg38g\">\n<div class=\"et_pb_column_10 et_pb_column et-last-child et_block_column et_pb_css_mix_blend_mode_passthrough et_flex_column_24_24 et_flex_column_24_24_tablet et_flex_column_24_24_phone\">\n<div class=\"et_pb_text_14 et_pb_text et_pb_bg_layout_light et_pb_module et_block_module preset--module--divi-text--default\"><div class=\"et_pb_text_inner\"><h2>Papel<\/h2>\n<p>5% de reducci\u00f3n del consumo energ\u00e9tico<\/p>\n<\/div><\/div>\n\n<div class=\"et_pb_text_15 et_pb_text et_pb_bg_layout_light et_pb_module et_block_module preset--module--divi-text--default\"><div class=\"et_pb_text_inner\"><p>Este sector transforma la biomasa y la fibra reciclada en diversos tipos de papel mediante procesos lineales y continuos. Se caracteriza por una elevada demanda de energ\u00eda t\u00e9rmica durante las etapas de despulpado y secado. <\/p>\n<\/div><\/div>\n\n<div class=\"et_pb_text_16 et_pb_text et_pb_bg_layout_light et_pb_module et_block_module preset--module--divi-text--default\"><\/div>\n<\/div>\n<\/div>\n<\/div>\n\n<div class=\"et_pb_column_11 et_pb_column et-last-child et_flex_column et_pb_css_mix_blend_mode_passthrough et_flex_column_8_24 et_flex_column_8_24_tablet et_flex_column_24_24_phone\">\n<div class=\"et_pb_row_7 et_pb_row et_pb_row_nested et_flex_row et_clickable preset--group--divi-row--divi-background--4nwj6sg38g\">\n<div class=\"et_pb_column_12 et_pb_column et-last-child et_block_column et_pb_css_mix_blend_mode_passthrough et_flex_column_24_24 et_flex_column_24_24_tablet et_flex_column_24_24_phone\">\n<div class=\"et_pb_text_17 et_pb_text et_pb_bg_layout_light et_pb_module et_block_module preset--module--divi-text--default\"><div class=\"et_pb_text_inner\"><h2>Otros<\/h2>\n<\/div><\/div>\n\n<div class=\"et_pb_text_18 et_pb_text et_pb_bg_layout_light et_pb_module et_block_module preset--module--divi-text--default\"><div class=\"et_pb_text_inner\"><p>OPTIBAT\u00ae es una plataforma de IA industrial perfectamente aplicable a muchos otros sectores. Adem\u00e1s, la experiencia de OPTIMITIVE tambi\u00e9n incluye proyectos de prueba de concepto en una amplia gama de industrias. Solicite una demostraci\u00f3n y vea c\u00f3mo podemos ayudarle.  <\/p>\n<\/div><\/div>\n\n<div class=\"et_pb_module et_pb_button_module_wrapper et_pb_button_0_wrapper preset--module--divi-button--kot309m5x8_wrapper\"><a class=\"et_pb_button_0 et_pb_button et_pb_bg_layout_light et_pb_module et_flex_module preset--module--divi-button--kot309m5x8\" href=\"https:\/\/optimitive.com\/demo\/\">Solicitar una demostraci\u00f3n<\/a><\/div>\n<\/div>\n<\/div>\n<\/div>\n<\/div>\n<\/div>\n\n<div class=\"et_pb_section_1 et_pb_section et_section_regular et_block_section\">\n<div class=\"et_pb_row_8 et_pb_row et_block_row\">\n<div class=\"et_pb_column_13 et_pb_column et_pb_column_4_4 et-last-child et_block_column et_pb_css_mix_blend_mode_passthrough\">\n<div class=\"dipi_hover_gallery_0 dipi_hover_gallery et_pb_module\"><div class=\"dipi-hover-gallery\" data-animation=\"FadeIn\" data-animation-speed=\"0.001\" style=\"--dipi-hg-animation-speed: 0.001ms;\"  data-autoplay=\"off\" data-autoplay-speed=\"3\" >\n\t\t\t\t<div class=\"dipi-hg__images\">\n        <div class=\"dipi-hg-image active dipi-hg-FadeIn\" data-item=\"dipi\/hover-gallery-item-0\">\n          <div style=\"background-image: url(https:\/\/optimitive.com\/wp-content\/uploads\/2026\/01\/optimitive-team-1-dark-cropped.jpg);\"><\/div>\n        <\/div>\n        <div class=\"dipi-hg-image  dipi-hg-FadeIn\" data-item=\"dipi\/hover-gallery-item-1\">\n          <div style=\"background-image: url(https:\/\/optimitive.com\/wp-content\/uploads\/2026\/01\/optibat-screenshot-skewed.jpg);\"><\/div>\n        <\/div>\n        <div class=\"dipi-hg-image  dipi-hg-FadeIn\" data-item=\"dipi\/hover-gallery-item-2\">\n          <div style=\"background-image: url(https:\/\/optimitive.com\/wp-content\/uploads\/2026\/02\/industry-metal.jpg);\"><\/div>\n        <\/div><\/div>\n\t\t\t\t<div class=\"dipi-hg__items\">\n<div class=\"dipi_hover_gallery_item_0 dipi_hover_gallery_item et_pb_module dipi-hg__item et_clickable\" data-item=\"dipi\/hover-gallery-item-0\"><div class=\"dipi-content-image-icon-wrap dipi-image-wrap\">\n            <img decoding=\"async\" src=\"https:\/\/optimitive.com\/wp-content\/uploads\/2026\/01\/isotype-optimitive-color-white.svg\" class=\"dipi-hover-box-content-image\" alt=\"\" \/>\n          <\/div><h3 class=\"dipi-hg-title\">Conozca la empresa Optimitive<\/h3><div class=\"dipi-hg-button-wrapper\">\n          <a class=\"et_pb_button dipi-hg-button\" href=\"https:\/\/optimitive.com\/company\/\">Acerca de Optimitive<\/a>\n        <\/div><\/div>\n\n<div class=\"dipi_hover_gallery_item_1 dipi_hover_gallery_item et_pb_module dipi-hg__item et_clickable\" data-item=\"dipi\/hover-gallery-item-1\"><div class=\"dipi-content-image-icon-wrap dipi-icon-wrap\">\n          <span class=\"et-pb-icon et-pb-font-icon dipi-hover-box-content-icon\">\ue0ed<\/span>\n        <\/div><h3 class=\"dipi-hg-title\">C\u00f3mo genera valor OPTIBAT\u00ae 7<\/h3><div class=\"dipi-hg-button-wrapper\">\n          <a class=\"et_pb_button dipi-hg-button\" href=\"https:\/\/optimitive.com\/product\/\">M\u00e1s informaci\u00f3n<\/a>\n        <\/div><\/div>\n\n<div class=\"dipi_hover_gallery_item_2 dipi_hover_gallery_item et_pb_module dipi-hg__item et_clickable\" data-item=\"dipi\/hover-gallery-item-2\"><div class=\"dipi-content-image-icon-wrap dipi-icon-wrap\">\n          <span class=\"et-pb-icon et-pb-font-icon dipi-hover-box-content-icon\">\ue050<\/span>\n        <\/div><h3 class=\"dipi-hg-title\">Descubra m\u00e1s soluciones<\/h3><div class=\"dipi-hg-button-wrapper\">\n          <a class=\"et_pb_button dipi-hg-button\" href=\"https:\/\/optimitive.com\/solutions\/\">M\u00e1s informaci\u00f3n<\/a>\n        <\/div><\/div>\n<\/div>\n\t\t\t<\/div><\/div>\n<\/div>\n<\/div>\n<\/div>","protected":false},"excerpt":{"rendered":"","protected":false},"author":2,"featured_media":8040,"parent":0,"menu_order":0,"comment_status":"closed","ping_status":"closed","template":"","meta":{"iawp_total_views":3,"footnotes":""},"dipi_cpt_category":[],"class_list":["post-8240","page","type-page","status-publish","has-post-thumbnail","hentry"],"yoast_head":"<!-- This site is optimized with the Yoast SEO Premium plugin v27.4 (Yoast SEO v27.4) - https:\/\/yoast.com\/product\/yoast-seo-premium-wordpress\/ -->\n<title>Industrias - OPTIMITIVE<\/title>\n<meta name=\"description\" content=\"Explore las soluciones innovadoras que ofrece Optimitive Industries para mejorar la eficiencia y la productividad en diversos sectores.\" \/>\n<meta name=\"robots\" content=\"index, follow, max-snippet:-1, max-image-preview:large, max-video-preview:-1\" \/>\n<link rel=\"canonical\" href=\"https:\/\/optimitive.com\/es\/industrias\/\" \/>\n<meta property=\"og:locale\" content=\"es_ES\" \/>\n<meta property=\"og:type\" content=\"article\" \/>\n<meta property=\"og:title\" content=\"Industrias\" \/>\n<meta property=\"og:description\" content=\"Optimitive optimizes industrial processes with AI and digital twins. We reduce energy costs up to 15% in cement, chemical, and manufacturing plants. Discover proven RTO solutions in Spain and Europe.\" \/>\n<meta property=\"og:url\" content=\"https:\/\/optimitive.com\/es\/industrias\/\" \/>\n<meta property=\"og:site_name\" content=\"OPTIMITIVE\" \/>\n<meta property=\"article:modified_time\" content=\"2026-04-08T09:36:14+00:00\" \/>\n<meta property=\"og:image\" content=\"https:\/\/optimitive.com\/wp-content\/uploads\/2026\/02\/featured-dark-center.jpg\" \/>\n\t<meta property=\"og:image:width\" content=\"1920\" \/>\n\t<meta property=\"og:image:height\" content=\"1080\" \/>\n\t<meta property=\"og:image:type\" content=\"image\/jpeg\" \/>\n<meta name=\"twitter:card\" content=\"summary_large_image\" \/>\n<meta name=\"twitter:site\" content=\"@OPTIMITIVE\" \/>\n<script type=\"application\/ld+json\" class=\"yoast-schema-graph\">{\"@context\":\"https:\\\/\\\/schema.org\",\"@graph\":[{\"@type\":\"WebPage\",\"@id\":\"https:\\\/\\\/optimitive.com\\\/es\\\/industrias\\\/\",\"url\":\"https:\\\/\\\/optimitive.com\\\/es\\\/industrias\\\/\",\"name\":\"Industrias - OPTIMITIVE\",\"isPartOf\":{\"@id\":\"https:\\\/\\\/optimitive.com\\\/es\\\/#website\"},\"primaryImageOfPage\":{\"@id\":\"https:\\\/\\\/optimitive.com\\\/es\\\/industrias\\\/#primaryimage\"},\"image\":{\"@id\":\"https:\\\/\\\/optimitive.com\\\/es\\\/industrias\\\/#primaryimage\"},\"thumbnailUrl\":\"https:\\\/\\\/optimitive.com\\\/wp-content\\\/uploads\\\/2026\\\/02\\\/featured-dark-center.jpg\",\"datePublished\":\"2026-01-14T16:21:17+00:00\",\"dateModified\":\"2026-04-08T09:36:14+00:00\",\"description\":\"Explore las soluciones innovadoras que ofrece Optimitive Industries para mejorar la eficiencia y la productividad en diversos sectores.\",\"breadcrumb\":{\"@id\":\"https:\\\/\\\/optimitive.com\\\/es\\\/industrias\\\/#breadcrumb\"},\"inLanguage\":\"es\",\"potentialAction\":[{\"@type\":\"ReadAction\",\"target\":[\"https:\\\/\\\/optimitive.com\\\/es\\\/industrias\\\/\"]}]},{\"@type\":\"ImageObject\",\"inLanguage\":\"es\",\"@id\":\"https:\\\/\\\/optimitive.com\\\/es\\\/industrias\\\/#primaryimage\",\"url\":\"https:\\\/\\\/optimitive.com\\\/wp-content\\\/uploads\\\/2026\\\/02\\\/featured-dark-center.jpg\",\"contentUrl\":\"https:\\\/\\\/optimitive.com\\\/wp-content\\\/uploads\\\/2026\\\/02\\\/featured-dark-center.jpg\",\"width\":1920,\"height\":1080},{\"@type\":\"BreadcrumbList\",\"@id\":\"https:\\\/\\\/optimitive.com\\\/es\\\/industrias\\\/#breadcrumb\",\"itemListElement\":[{\"@type\":\"ListItem\",\"position\":1,\"name\":\"Home\",\"item\":\"https:\\\/\\\/optimitive.com\\\/es\\\/\"},{\"@type\":\"ListItem\",\"position\":2,\"name\":\"Industrias\"}]},{\"@type\":\"WebSite\",\"@id\":\"https:\\\/\\\/optimitive.com\\\/es\\\/#website\",\"url\":\"https:\\\/\\\/optimitive.com\\\/es\\\/\",\"name\":\"optimitive.com\",\"description\":\"Real-time optimization by AI\",\"publisher\":{\"@id\":\"https:\\\/\\\/optimitive.com\\\/es\\\/#organization\"},\"potentialAction\":[{\"@type\":\"SearchAction\",\"target\":{\"@type\":\"EntryPoint\",\"urlTemplate\":\"https:\\\/\\\/optimitive.com\\\/es\\\/?s={search_term_string}\"},\"query-input\":{\"@type\":\"PropertyValueSpecification\",\"valueRequired\":true,\"valueName\":\"search_term_string\"}}],\"inLanguage\":\"es\"},{\"@type\":\"Organization\",\"@id\":\"https:\\\/\\\/optimitive.com\\\/es\\\/#organization\",\"name\":\"OPTIMITIVE\",\"url\":\"https:\\\/\\\/optimitive.com\\\/es\\\/\",\"logo\":{\"@type\":\"ImageObject\",\"inLanguage\":\"es\",\"@id\":\"https:\\\/\\\/optimitive.com\\\/es\\\/#\\\/schema\\\/logo\\\/image\\\/\",\"url\":\"https:\\\/\\\/optimitive.com\\\/wp-content\\\/uploads\\\/2026\\\/01\\\/logo-optimitive-color-black.svg\",\"contentUrl\":\"https:\\\/\\\/optimitive.com\\\/wp-content\\\/uploads\\\/2026\\\/01\\\/logo-optimitive-color-black.svg\",\"width\":251,\"height\":30,\"caption\":\"OPTIMITIVE\"},\"image\":{\"@id\":\"https:\\\/\\\/optimitive.com\\\/es\\\/#\\\/schema\\\/logo\\\/image\\\/\"},\"sameAs\":[\"https:\\\/\\\/x.com\\\/OPTIMITIVE\",\"https:\\\/\\\/www.linkedin.com\\\/company\\\/optimitive-s.l.\\\/?originalSubdomain=es\"],\"description\":\"Optimitive is a software company founded in 2008, specializing in AI-driven Real-Time Optimization (RTO) for industrial processes. We enhance efficiency and sustainability in sectors like cement, chemicals, oil & gas, and manufacturing, reducing energy costs up to 15% via closed-loop AI solutions like OPTIBAT\u00ae\",\"email\":\"info@optimitive.com\",\"telephone\":\"+34 945 298 120\",\"legalName\":\"OPTIMITIVE S.L.\",\"foundingDate\":\"2008-01-01\",\"numberOfEmployees\":{\"@type\":\"QuantitativeValue\",\"minValue\":\"11\",\"maxValue\":\"50\"},\"publishingPrinciples\":\"https:\\\/\\\/optimitive.com\\\/privacy-policy\\\/\",\"ownershipFundingInfo\":\"https:\\\/\\\/optimitive.com\\\/legal-notice\\\/\",\"actionableFeedbackPolicy\":\"https:\\\/\\\/optimitive.com\\\/privacy-policy\\\/\"}]}<\/script>\n<!-- \/ Yoast SEO Premium plugin. -->","yoast_head_json":{"title":"Industrias - OPTIMITIVE","description":"Explore las soluciones innovadoras que ofrece Optimitive Industries para mejorar la eficiencia y la productividad en diversos sectores.","robots":{"index":"index","follow":"follow","max-snippet":"max-snippet:-1","max-image-preview":"max-image-preview:large","max-video-preview":"max-video-preview:-1"},"canonical":"https:\/\/optimitive.com\/es\/industrias\/","og_locale":"es_ES","og_type":"article","og_title":"Industrias","og_description":"Optimitive optimizes industrial processes with AI and digital twins. We reduce energy costs up to 15% in cement, chemical, and manufacturing plants. Discover proven RTO solutions in Spain and Europe.","og_url":"https:\/\/optimitive.com\/es\/industrias\/","og_site_name":"OPTIMITIVE","article_modified_time":"2026-04-08T09:36:14+00:00","og_image":[{"width":1920,"height":1080,"url":"https:\/\/optimitive.com\/wp-content\/uploads\/2026\/02\/featured-dark-center.jpg","type":"image\/jpeg"}],"twitter_card":"summary_large_image","twitter_site":"@OPTIMITIVE","schema":{"@context":"https:\/\/schema.org","@graph":[{"@type":"WebPage","@id":"https:\/\/optimitive.com\/es\/industrias\/","url":"https:\/\/optimitive.com\/es\/industrias\/","name":"Industrias - OPTIMITIVE","isPartOf":{"@id":"https:\/\/optimitive.com\/es\/#website"},"primaryImageOfPage":{"@id":"https:\/\/optimitive.com\/es\/industrias\/#primaryimage"},"image":{"@id":"https:\/\/optimitive.com\/es\/industrias\/#primaryimage"},"thumbnailUrl":"https:\/\/optimitive.com\/wp-content\/uploads\/2026\/02\/featured-dark-center.jpg","datePublished":"2026-01-14T16:21:17+00:00","dateModified":"2026-04-08T09:36:14+00:00","description":"Explore las soluciones innovadoras que ofrece Optimitive Industries para mejorar la eficiencia y la productividad en diversos sectores.","breadcrumb":{"@id":"https:\/\/optimitive.com\/es\/industrias\/#breadcrumb"},"inLanguage":"es","potentialAction":[{"@type":"ReadAction","target":["https:\/\/optimitive.com\/es\/industrias\/"]}]},{"@type":"ImageObject","inLanguage":"es","@id":"https:\/\/optimitive.com\/es\/industrias\/#primaryimage","url":"https:\/\/optimitive.com\/wp-content\/uploads\/2026\/02\/featured-dark-center.jpg","contentUrl":"https:\/\/optimitive.com\/wp-content\/uploads\/2026\/02\/featured-dark-center.jpg","width":1920,"height":1080},{"@type":"BreadcrumbList","@id":"https:\/\/optimitive.com\/es\/industrias\/#breadcrumb","itemListElement":[{"@type":"ListItem","position":1,"name":"Home","item":"https:\/\/optimitive.com\/es\/"},{"@type":"ListItem","position":2,"name":"Industrias"}]},{"@type":"WebSite","@id":"https:\/\/optimitive.com\/es\/#website","url":"https:\/\/optimitive.com\/es\/","name":"optimitive.com","description":"Real-time optimization by AI","publisher":{"@id":"https:\/\/optimitive.com\/es\/#organization"},"potentialAction":[{"@type":"SearchAction","target":{"@type":"EntryPoint","urlTemplate":"https:\/\/optimitive.com\/es\/?s={search_term_string}"},"query-input":{"@type":"PropertyValueSpecification","valueRequired":true,"valueName":"search_term_string"}}],"inLanguage":"es"},{"@type":"Organization","@id":"https:\/\/optimitive.com\/es\/#organization","name":"OPTIMITIVE","url":"https:\/\/optimitive.com\/es\/","logo":{"@type":"ImageObject","inLanguage":"es","@id":"https:\/\/optimitive.com\/es\/#\/schema\/logo\/image\/","url":"https:\/\/optimitive.com\/wp-content\/uploads\/2026\/01\/logo-optimitive-color-black.svg","contentUrl":"https:\/\/optimitive.com\/wp-content\/uploads\/2026\/01\/logo-optimitive-color-black.svg","width":251,"height":30,"caption":"OPTIMITIVE"},"image":{"@id":"https:\/\/optimitive.com\/es\/#\/schema\/logo\/image\/"},"sameAs":["https:\/\/x.com\/OPTIMITIVE","https:\/\/www.linkedin.com\/company\/optimitive-s.l.\/?originalSubdomain=es"],"description":"Optimitive is a software company founded in 2008, specializing in AI-driven Real-Time Optimization (RTO) for industrial processes. We enhance efficiency and sustainability in sectors like cement, chemicals, oil & gas, and manufacturing, reducing energy costs up to 15% via closed-loop AI solutions like OPTIBAT\u00ae","email":"info@optimitive.com","telephone":"+34 945 298 120","legalName":"OPTIMITIVE S.L.","foundingDate":"2008-01-01","numberOfEmployees":{"@type":"QuantitativeValue","minValue":"11","maxValue":"50"},"publishingPrinciples":"https:\/\/optimitive.com\/privacy-policy\/","ownershipFundingInfo":"https:\/\/optimitive.com\/legal-notice\/","actionableFeedbackPolicy":"https:\/\/optimitive.com\/privacy-policy\/"}]}},"_links":{"self":[{"href":"https:\/\/optimitive.com\/es\/wp-json\/wp\/v2\/pages\/8240","targetHints":{"allow":["GET"]}}],"collection":[{"href":"https:\/\/optimitive.com\/es\/wp-json\/wp\/v2\/pages"}],"about":[{"href":"https:\/\/optimitive.com\/es\/wp-json\/wp\/v2\/types\/page"}],"author":[{"embeddable":true,"href":"https:\/\/optimitive.com\/es\/wp-json\/wp\/v2\/users\/2"}],"replies":[{"embeddable":true,"href":"https:\/\/optimitive.com\/es\/wp-json\/wp\/v2\/comments?post=8240"}],"version-history":[{"count":8,"href":"https:\/\/optimitive.com\/es\/wp-json\/wp\/v2\/pages\/8240\/revisions"}],"predecessor-version":[{"id":8604,"href":"https:\/\/optimitive.com\/es\/wp-json\/wp\/v2\/pages\/8240\/revisions\/8604"}],"wp:featuredmedia":[{"embeddable":true,"href":"https:\/\/optimitive.com\/es\/wp-json\/wp\/v2\/media\/8040"}],"wp:attachment":[{"href":"https:\/\/optimitive.com\/es\/wp-json\/wp\/v2\/media?parent=8240"}],"wp:term":[{"taxonomy":"dipi_cpt_category","embeddable":true,"href":"https:\/\/optimitive.com\/es\/wp-json\/wp\/v2\/dipi_cpt_category?post=8240"}],"curies":[{"name":"wp","href":"https:\/\/api.w.org\/{rel}","templated":true}]}}